{"id":46,"date":"2024-03-19T08:46:05","date_gmt":"2024-03-19T11:46:05","guid":{"rendered":"http:\/\/pierrecormon.com\/?page_id=46"},"modified":"2024-05-09T10:40:05","modified_gmt":"2024-05-09T13:40:05","slug":"sobre-mim","status":"publish","type":"page","link":"https:\/\/pierrecormon.com\/fr\/sobre-mim\/","title":{"rendered":"A propos de moi"},"content":{"rendered":"<p>Je suis un auteur suisse qui a \u00e9crit des livres en fran\u00e7ais, anglais et portugais.<\/p>\n<ul>\n<li><a href=\"http:\/\/pierrecormon.com\/obra\/o-genio-da-berinjela\/\"><strong>Le G\u00e9nie de l\u2019aubergine<\/strong><\/a> et <a href=\"http:\/\/pierrecormon.com\/obra\/as-memorias-de-sata\/\"><strong>Les M\u00e9moires de Satan<\/strong><\/a> sont des recueils de contes parfaitement frapadingues.<\/li>\n<li><a href=\"http:\/\/pierrecormon.com\/obra\/o-traidor\/\"><strong>Le Tra\u00eetre<\/strong><\/a> est un thriller haletant, sur fond de conflit isra\u00e9lo-palestinien.<\/li>\n<li><a href=\"http:\/\/pierrecormon.com\/obra\/politica-suica-para-iniciantes\/\"><strong>La politique suisse pour les d\u00e9butants<\/strong><\/a> est un essai \u00e0 la fois s\u00e9rieux et distrayant.<\/li>\n<li><a href=\"http:\/\/pierrecormon.com\/obra\/o-grande-dia\/\"><strong>O grande dia<\/strong><\/a> est un roman qui nous plonge en plein carnaval de Rio.<\/li>\n<\/ul>\n<p><\/p>","protected":false},"excerpt":{"rendered":"<p>Je suis un auteur suisse qui a \u00e9crit des livres en fran\u00e7ais, anglais et portugais. Le G\u00e9nie de l\u2019aubergine et Les M\u00e9moires de Satan sont [&hellip;]<\/p>\n","protected":false},"author":1,"featured_media":0,"parent":0,"menu_order":8,"comment_status":"closed","ping_status":"closed","template":"page-sobre.php","meta":{"_acf_changed":false,"footnotes":""},"class_list":["post-46","page","type-page","status-publish","hentry"],"acf":[],"_links":{"self":[{"href":"https:\/\/pierrecormon.com\/fr\/wp-json\/wp\/v2\/pages\/46","targetHints":{"allow":["GET"]}}],"collection":[{"href":"https:\/\/pierrecormon.com\/fr\/wp-json\/wp\/v2\/pages"}],"about":[{"href":"https:\/\/pierrecormon.com\/fr\/wp-json\/wp\/v2\/types\/page"}],"author":[{"embeddable":true,"href":"https:\/\/pierrecormon.com\/fr\/wp-json\/wp\/v2\/users\/1"}],"replies":[{"embeddable":true,"href":"https:\/\/pierrecormon.com\/fr\/wp-json\/wp\/v2\/comments?post=46"}],"version-history":[{"count":8,"href":"https:\/\/pierrecormon.com\/fr\/wp-json\/wp\/v2\/pages\/46\/revisions"}],"predecessor-version":[{"id":186,"href":"https:\/\/pierrecormon.com\/fr\/wp-json\/wp\/v2\/pages\/46\/revisions\/186"}],"wp:attachment":[{"href":"https:\/\/pierrecormon.com\/fr\/wp-json\/wp\/v2\/media?parent=46"}],"curies":[{"name":"wp","href":"https:\/\/api.w.org\/{rel}","templated":true}]}}