{"id":8,"date":"2024-03-19T08:24:09","date_gmt":"2024-03-19T11:24:09","guid":{"rendered":"http:\/\/pierrecormon.com\/?page_id=8"},"modified":"2025-01-23T18:13:49","modified_gmt":"2025-01-23T21:13:49","slug":"inicio","status":"publish","type":"page","link":"https:\/\/pierrecormon.com\/fr\/","title":{"rendered":"Accueil"},"content":{"rendered":"<p><\/p>\n<ul>\n<li><strong>Extrait de <em>Le Tra\u00eetre<\/em><\/strong><br \/>\nUn homme \u00e9tait assis dans un coin, l&rsquo;air absent. Il avait le visage tum\u00e9fi\u00e9 et du sang s\u00e9ch\u00e9 sous ses narines. Je me suis assis en face de lui.<br \/>\n&#8211; Qui t&rsquo;a fait \u00e7a ?<br \/>\nIl a fait un geste de la t\u00eate en direction de la porte.<br \/>\n&#8211; <em>Darb<\/em> (des coups).<br \/>\nJ&rsquo;avais souvent entendu parler de la violence de la police \u00e9gyptienne. Cela me paraissait alors un probl\u00e8me tr\u00e8s \u00e9loign\u00e9 de ma propre vie.<\/li>\n<li><strong>Extrait de <em>O grande dia<\/em><\/strong><br \/>\nD\u2019un c\u00f4t\u00e9, Ronildo se sentait fier d\u2019avoir particip\u00e9 \u00e0 la sortie de bate-bola. D\u2019un autre, il restait \u00e9tranger \u00e0 la joie et \u00e0 la satisfaction. Il \u00e9tait parvenu \u00e0 \u00e9loigner ses pr\u00e9occupations pendant toute la nuit, mais maintenant qu\u2019il \u00e9tait r\u00e9veill\u00e9 et repu, elles revenaient avec plus de force. Marlon Brando lui avait envoy\u00e9 un message deux jours auparavant. Il exigeait son argent pour la fin du mois, c\u2019est-\u00e0-dire, dans une semaine.<\/li>\n<li><strong>Extrait des <em>M\u00e9moires de Satan<\/em><\/strong><br \/>\nAdam avait pos\u00e9 la main sur le rein d&rsquo;Eve. Le serpent s&rsquo;est tu, comme s&rsquo;il sentait quelque chose, et est venu se placer entre Adam et elle. Nous \u00e9tions si pr\u00e8s que je sentais leurs souffles sur mon visage. Il y a eu une seconde magique, alors que nous comprenions que nous venions de franchir une limite invisible et qu&rsquo;il \u00e9tait impossible de reculer. Puis tout a bascul\u00e9 et nous avons roul\u00e9 tous les quatre dans l&rsquo;herbe.<\/li>\n<li><strong>Extrait du <em>G\u00e9nie de l\u2019aubergine<\/em><\/strong><br \/>\nUn matin, au sortir d\u2019un r\u00eave agit\u00e9, le cafard Grrbzqt se r\u00e9veilla transform\u00e9 en un v\u00e9ritable \u00eatre humain. Il avait la peau lisse et p\u00e2le qu\u2019arborent les membres de cette esp\u00e8ce, deux paires de pattes d\u00e9pareill\u00e9es et quelques cheveux sur la t\u00eate en guise d\u2019antennes. Le premier sursaut de d\u00e9go\u00fbt pass\u00e9, il appela sa m\u00e8re.<\/li>\n<li><strong>Extrait de <em>La politique suisse pour les d\u00e9butants<\/em><\/strong><br \/>\nUn ami \u00e9gyptien m\u2019a demand\u00e9: \u00abau fait, qui est le pr\u00e9sident suisse?\u00bb J\u2019ai \u00e9t\u00e9 pris de court. J\u2019\u00e9tais un citoyen suisse, un journaliste \u00e9crivant r\u00e9guli\u00e8rement sur la politique suisse. Je pouvais nommer chaque membre du gouvernement, son d\u00e9partement (c\u00e0d minist\u00e8re), son parti politique, son canton, une partie de son programme politique\u2026 et pourtant, je n\u2019\u00e9tais pas s\u00fbr du nom du pr\u00e9sident. Etait-ce celui-ci? Celle-l\u00e0? Ou un instant\u2026 Non, celui-l\u00e0\u2026<\/li>\n<\/ul>\n<p><\/p>","protected":false},"excerpt":{"rendered":"<p>Extrait de Le Tra\u00eetre Un homme \u00e9tait assis dans un coin, l&rsquo;air absent. Il avait le visage tum\u00e9fi\u00e9 et du sang s\u00e9ch\u00e9 sous ses narines. [&hellip;]<\/p>\n","protected":false},"author":1,"featured_media":179,"parent":0,"menu_order":5,"comment_status":"closed","ping_status":"closed","template":"index.php","meta":{"_acf_changed":false,"footnotes":""},"class_list":["post-8","page","type-page","status-publish","has-post-thumbnail","hentry"],"acf":[],"_links":{"self":[{"href":"https:\/\/pierrecormon.com\/fr\/wp-json\/wp\/v2\/pages\/8","targetHints":{"allow":["GET"]}}],"collection":[{"href":"https:\/\/pierrecormon.com\/fr\/wp-json\/wp\/v2\/pages"}],"about":[{"href":"https:\/\/pierrecormon.com\/fr\/wp-json\/wp\/v2\/types\/page"}],"author":[{"embeddable":true,"href":"https:\/\/pierrecormon.com\/fr\/wp-json\/wp\/v2\/users\/1"}],"replies":[{"embeddable":true,"href":"https:\/\/pierrecormon.com\/fr\/wp-json\/wp\/v2\/comments?post=8"}],"version-history":[{"count":12,"href":"https:\/\/pierrecormon.com\/fr\/wp-json\/wp\/v2\/pages\/8\/revisions"}],"predecessor-version":[{"id":723,"href":"https:\/\/pierrecormon.com\/fr\/wp-json\/wp\/v2\/pages\/8\/revisions\/723"}],"wp:featuredmedia":[{"embeddable":true,"href":"https:\/\/pierrecormon.com\/fr\/wp-json\/wp\/v2\/media\/179"}],"wp:attachment":[{"href":"https:\/\/pierrecormon.com\/fr\/wp-json\/wp\/v2\/media?parent=8"}],"curies":[{"name":"wp","href":"https:\/\/api.w.org\/{rel}","templated":true}]}}